{"id":7467,"date":"2020-04-14T10:53:26","date_gmt":"2020-04-14T07:53:26","guid":{"rendered":"https:\/\/cosmorevas.tk\/privacy-policy-2\/"},"modified":"2024-12-10T20:16:34","modified_gmt":"2024-12-10T17:16:34","slug":"privacy-policy","status":"publish","type":"page","link":"https:\/\/www.cosmorevas.tk\/es\/privacy-policy\/","title":{"rendered":"Pol\u00edtica de privacidad"},"content":{"rendered":"&#13;\n<h2 class=\"wp-block-heading\">Pol\u00edtica de privacidad<\/h2>&#13;\n&#13;\n<h2 class=\"wp-block-heading\">(pol\u00edtica de privacidad)<\/h2>&#13;\n&#13;\n<p>Ahora es dif\u00edcil usar Internet sin experimentar la inquietante sensaci\u00f3n de ser monitoreado constantemente. Existe una amplia gama de redes de seguimiento altamente sofisticadas, administradas por grandes empresas que registran todo lo que hacemos en l\u00ednea, sin nuestro conocimiento, y venden los resultados al mejor comprador a trav\u00e9s de anuncios dirigidos.<\/p>&#13;\n&#13;\n<p>El sitio web www.cosmorevas.tk utiliza una conexi\u00f3n https segura (claves de 256 bits), verificada por Let\u2019s Encrypt Autority X3.<br\/>Todas las p\u00e1ginas est\u00e1n encriptadas antes de la transmisi\u00f3n a Internet. El cifrado dificulta que personas no autorizadas observen la informaci\u00f3n intercambiada entre computadoras. Por lo tanto, es poco probable que alguien pueda leer el contenido de las p\u00e1ginas mientras pasa por la red.<\/p>&#13;\n&#13;\n<h2 class=\"wp-block-heading\">\u00bfQu\u00e9 informaci\u00f3n personal me interesa y por qu\u00e9 los colecciono<\/h2>&#13;\n&#13;\n<h3 class=\"wp-block-heading\">Comentarios<\/h3>&#13;\n&#13;\n<p>Cuando un visitante deja un comentario en el sitio, acepta la colecci\u00f3n de datos personales proporcionados voluntariamente en el formulario de comentarios (nombre, correo electr\u00f3nico o sitio internet), adem\u00e1s de IP del dispositivo y agente de usuario del navegador para facilitar la detecci\u00f3n de correo basura.<br\/>En www.cosmorevas.tk no est\u00e1 obligado a dejar ning\u00fan dato para comentar.<\/p>&#13;\n&#13;\n<h3 class=\"wp-block-heading\">Gravatar<\/h3>&#13;\n&#13;\n<p>No aparecer\u00e1 ninguna imagen de avatar junto a su nombre cuando comente en www.cosmorevas.tk<\/p>&#13;\n&#13;\n<p>Gravatar es un servicio que asocia a los usuarios una imagen de perfil que puede aparecer en muchos sitios. <br\/>Gravatar carga las im\u00e1genes utilizando un hash de su correo electr\u00f3nico, que aparecer\u00e1 en el c\u00f3digo fuente de cualquier sitio web que integre este servicio, lo que permite decodificarlo utilizando un software espec\u00edfico.<\/p>&#13;\n&#13;\n<p>El objetivo del servicio Gravatar es la recopilaci\u00f3n de datos sobre el uso de Internet.<\/p>&#13;\n&#13;\n<p>Gravatar no le permite cancelar un registro, continuar\u00e1 monitoreando su correo electr\u00f3nico, no proporcionar\u00e1 detalles sobre el uso de su informaci\u00f3n personal y no responder\u00e1 preguntas relacionadas con problemas de privacidad.<br\/>Si un sitio web est\u00e1 habilitado para usar Gravatar, cada vez que comenta, su correo electr\u00f3nico se env\u00eda a Gravatar.<\/p>&#13;\n&#13;\n<p>\u00a0<\/p>&#13;\n&#13;\n<h2 class=\"wp-block-heading\">Formulario de contacto<\/h2>&#13;\n&#13;\n<h3 class=\"wp-block-heading\">Cookie<\/h3>&#13;\n&#13;\n<p>https:\/\/www.cosmorevas.tk usa solo el software de c\u00f3digo abierto AWStats para optimizar el sitio, recolectando informaci\u00f3n en forma agregada sobre el n\u00famero de usuarios y c\u00f3mo visitan el sitio.<\/p>&#13;\n&#13;\n<p>No hay ninguna cookie que rastree la navegaci\u00f3n del usuario en la red para crear un perfil de intereses, gustos, h\u00e1bitos, elecciones, etc. <br\/>Por lo tanto, no se enviar\u00e1n mensajes publicitarios a las preferencias ya expresadas por el usuario en la navegaci\u00f3n en l\u00ednea.<\/p>&#13;\n&#13;\n<p>Si deja un comentario en mi sitio, ninguna cookie le permitir\u00e1 guardar su nombre, correo electr\u00f3nico y sitio web.<br\/>Para su seguridad, deber\u00e1 volver a ingresar sus datos cuando deje otro comentario.<\/p>&#13;\n&#13;\n<h3 class=\"wp-block-heading\">Contenido incrustado de otros sitios web<\/h3>&#13;\n&#13;\n<p>El contenido incrustado de otros sitios web se comporta exactamente como si el visitante visita el otro sitio web.<br\/>Estos sitios web pueden recopilar datos sobre usted, usar cookies, integrar el seguimiento adicional de terceros y monitorear la interacci\u00f3n con ellos.<\/p>&#13;\n&#13;\n<p>Por esta raz\u00f3n, https:\/\/www.cosmorevas.tk no incluye ning\u00fan contenido incorporado por otros sitios web (por ejemplo, videos, im\u00e1genes, art\u00edculos, etc.).<\/p>&#13;\n&#13;\n<h3 class=\"wp-block-heading\">Anal\u00edtica<\/h3>&#13;\n&#13;\n<p>https:\/\/www.cosmorevas.tk usa solo el software de c\u00f3digo abierto AWStats para optimizar el sitio, recolectando informaci\u00f3n en forma agregada sobre el n\u00famero de usuarios y c\u00f3mo visitan el sitio. <br\/>Por lo tanto, no hay perfiles ni cookies de terceros.<\/p>&#13;\n&#13;\n<h2 class=\"wp-block-heading\">Pol\u00edtica de datos del usuario<\/h2>&#13;\n&#13;\n<h3 class=\"wp-block-heading\">Con quien comparto tus datos<\/h3>&#13;\n&#13;\n<p>https:\/\/www.cosmorevas.tk est\u00e1 libre de anuncios publicitarios, por lo que no comparto sus datos con nadie. <br\/>Los comentarios de los visitantes pueden ser verificados a trav\u00e9s de un servicio autom\u00e1tico de detecci\u00f3n de correo no deseado.<\/p>&#13;\n&#13;\n<h3 class=\"wp-block-heading\">\u00bfCu\u00e1nto tiempo voy mantener su datos?<\/h3>&#13;\n&#13;\n<p>Si deja un comentario, el comentario y sus metadatos se mantienen indefinidamente. As\u00ed es como puedo reconocer y aprobar autom\u00e1ticamente cualquier comentario y mantenerlos en una lista de moderaci\u00f3n. <br\/>Otros lectores pueden beneficiarse de su comentario.<\/p>&#13;\n&#13;\n<h3 class=\"wp-block-heading\">\u00bfQu\u00e9 derechos tienes sobre tus datos?<\/h3>&#13;\n&#13;\n<p>Si ha dejado comentarios, puede solicitar recibir un archivo exportado del sitio con los datos personales que tengo sobre usted, incluidos los datos que me diste. Tambi\u00e9n puede solicitar que elimine todos los datos personales que le conciernen. Esto no incluye datos que estoy obligado a mantener para fines administrativos, legales o de seguridad.<\/p>&#13;\n&#13;\n<h3 class=\"wp-block-heading\">\u00bfQu\u00e9 decisiones y\/o perfiles automatizados hago con los datos del usuario?<\/h3>&#13;\n&#13;\n<p>En https:\/\/cosmorevas.tk no hay cookies de terceros ni localizadores ocultos. <br\/>No hago ning\u00fan perfil de sus datos y sus intereses para ofrecerle anuncios y art\u00edculos espec\u00edficos.<\/p>&#13;\n&#13;\n<p>El software de c\u00f3digo abierto AWStats se usa exclusivamente para optimizar el sitio, recolectando informaci\u00f3n en forma agregada sobre el n\u00famero de usuarios y c\u00f3mo visitan el sitio (pa\u00eds de origen, p\u00e1ginas visitadas, duraci\u00f3n de la visita en el sitio, etc.)<\/p>&#13;\n","protected":false},"excerpt":{"rendered":"<p>&#13; Pol\u00edtica de privacidad &#13; &#13; (pol\u00edtica de privacidad) &#13; &#13; Ahora es dif\u00edcil usar Internet sin experimentar la inquietante sensaci\u00f3n de ser monitoreado constantemente. Existe una amplia gama de redes de seguimiento altamente sofisticadas, administradas por grandes empresas que registran todo lo que hacemos en l\u00ednea, sin nuestro conocimiento, y venden los resultados al [&hellip;]<\/p>\n","protected":false},"author":1,"featured_media":0,"parent":0,"menu_order":0,"comment_status":"closed","ping_status":"closed","template":"","meta":{"footnotes":""},"class_list":["post-7467","page","type-page","status-publish","hentry"],"yoast_head":"<!-- This site is optimized with the Yoast SEO plugin v27.5 - https:\/\/yoast.com\/product\/yoast-seo-wordpress\/ -->\n<title>Pol\u00edtica de privacidad &#8211; cosmorevas.tk: anonimato, seguridad y libertad<\/title>\n<meta name=\"description\" content=\"Una navegaci\u00f3n libre y segura: conexi\u00f3n encriptada, sin recoger datos personales, sin cookies, sin publicidad, sin vender a terceros.\" \/>\n<meta name=\"robots\" content=\"index, follow, max-snippet:-1, max-image-preview:large, max-video-preview:-1\" \/>\n<link rel=\"canonical\" href=\"https:\/\/www.cosmorevas.tk\/es\/privacy-policy\/\" \/>\n<meta property=\"og:locale\" content=\"es_ES\" \/>\n<meta property=\"og:type\" content=\"article\" \/>\n<meta property=\"og:title\" content=\"Pol\u00edtica de privacidad &#8211; cosmorevas.tk: anonimato, seguridad y libertad\" \/>\n<meta property=\"og:description\" content=\"Una navegaci\u00f3n libre y segura: conexi\u00f3n encriptada, sin recoger datos personales, sin cookies, sin publicidad, sin vender a terceros.\" \/>\n<meta property=\"og:url\" content=\"https:\/\/www.cosmorevas.tk\/es\/privacy-policy\/\" \/>\n<meta property=\"og:site_name\" content=\"CosmoRevas: mi visi\u00f3n del mundo\" \/>\n<meta property=\"article:modified_time\" content=\"2024-12-10T17:16:34+00:00\" \/>\n<meta name=\"twitter:card\" content=\"summary_large_image\" \/>\n<meta name=\"twitter:label1\" content=\"Tiempo de lectura\" \/>\n\t<meta name=\"twitter:data1\" content=\"4 minutos\" \/>\n<script type=\"application\/ld+json\" class=\"yoast-schema-graph\">{\"@context\":\"https:\\\/\\\/schema.org\",\"@graph\":[{\"@type\":\"WebPage\",\"@id\":\"https:\\\/\\\/www.cosmorevas.tk\\\/es\\\/privacy-policy\\\/\",\"url\":\"https:\\\/\\\/www.cosmorevas.tk\\\/es\\\/privacy-policy\\\/\",\"name\":\"Pol\u00edtica de privacidad &#8211; cosmorevas.tk: anonimato, seguridad y libertad\",\"isPartOf\":{\"@id\":\"https:\\\/\\\/www.cosmorevas.tk\\\/es\\\/#website\"},\"datePublished\":\"2020-04-14T07:53:26+00:00\",\"dateModified\":\"2024-12-10T17:16:34+00:00\",\"description\":\"Una navegaci\u00f3n libre y segura: conexi\u00f3n encriptada, sin recoger datos personales, sin cookies, sin publicidad, sin vender a terceros.\",\"breadcrumb\":{\"@id\":\"https:\\\/\\\/www.cosmorevas.tk\\\/es\\\/privacy-policy\\\/#breadcrumb\"},\"inLanguage\":\"es\",\"potentialAction\":[{\"@type\":\"ReadAction\",\"target\":[\"https:\\\/\\\/www.cosmorevas.tk\\\/es\\\/privacy-policy\\\/\"]}]},{\"@type\":\"BreadcrumbList\",\"@id\":\"https:\\\/\\\/www.cosmorevas.tk\\\/es\\\/privacy-policy\\\/#breadcrumb\",\"itemListElement\":[{\"@type\":\"ListItem\",\"position\":1,\"name\":\"Comienzo\",\"item\":\"https:\\\/\\\/www.cosmorevas.tk\\\/es\\\/destinos\\\/\"},{\"@type\":\"ListItem\",\"position\":2,\"name\":\"Pol\u00edtica de privacidad\"}]},{\"@type\":\"WebSite\",\"@id\":\"https:\\\/\\\/www.cosmorevas.tk\\\/es\\\/#website\",\"url\":\"https:\\\/\\\/www.cosmorevas.tk\\\/es\\\/\",\"name\":\"la mia visuale sul mondo\",\"description\":\"\\\"La Tierra desde aqu\u00ed es hermosa, sin fronteras\\\" - \u042e\u0440\u0438\u0439 \u0413\u0430\u0433\u0430\u0440\u0438\u043d\",\"publisher\":{\"@id\":\"https:\\\/\\\/www.cosmorevas.tk\\\/es\\\/#\\\/schema\\\/person\\\/4ff3ba11ae8c9cfc82000c8d421a5e0d\"},\"potentialAction\":[{\"@type\":\"SearchAction\",\"target\":{\"@type\":\"EntryPoint\",\"urlTemplate\":\"https:\\\/\\\/www.cosmorevas.tk\\\/es\\\/?s={search_term_string}\"},\"query-input\":{\"@type\":\"PropertyValueSpecification\",\"valueRequired\":true,\"valueName\":\"search_term_string\"}}],\"inLanguage\":\"es\"},{\"@type\":[\"Person\",\"Organization\"],\"@id\":\"https:\\\/\\\/www.cosmorevas.tk\\\/es\\\/#\\\/schema\\\/person\\\/4ff3ba11ae8c9cfc82000c8d421a5e0d\",\"name\":\"cosmorevas\",\"image\":{\"@type\":\"ImageObject\",\"inLanguage\":\"es\",\"@id\":\"https:\\\/\\\/www.cosmorevas.tk\\\/wp-content\\\/uploads\\\/2022\\\/08\\\/cosmorevas-map-2022.jpg\",\"url\":\"https:\\\/\\\/www.cosmorevas.tk\\\/wp-content\\\/uploads\\\/2022\\\/08\\\/cosmorevas-map-2022.jpg\",\"contentUrl\":\"https:\\\/\\\/www.cosmorevas.tk\\\/wp-content\\\/uploads\\\/2022\\\/08\\\/cosmorevas-map-2022.jpg\",\"width\":997,\"height\":698,\"caption\":\"cosmorevas\"},\"logo\":{\"@id\":\"https:\\\/\\\/www.cosmorevas.tk\\\/wp-content\\\/uploads\\\/2022\\\/08\\\/cosmorevas-map-2022.jpg\"},\"description\":\"Sono Matteo, Cagliaritano del 1986. Per un isolano aerei e navi sono mezzi comuni come una macchina o un treno. Da quando sono piccolo ho viaggiato con la mia famiglia e poi su e gi\u00f9 per l\u2019italia per sport, amici, lavoro, vita. Nel 2009 ho fatto il mio primo viaggio in compagnia di me stesso. Viaggiare da solo \u00e8 sempre stata una scelta per me, mai un ripiego con rimpianti.\"}]}<\/script>\n<!-- \/ Yoast SEO plugin. -->","yoast_head_json":{"title":"Pol\u00edtica de privacidad &#8211; cosmorevas.tk: anonimato, seguridad y libertad","description":"Una navegaci\u00f3n libre y segura: conexi\u00f3n encriptada, sin recoger datos personales, sin cookies, sin publicidad, sin vender a terceros.","robots":{"index":"index","follow":"follow","max-snippet":"max-snippet:-1","max-image-preview":"max-image-preview:large","max-video-preview":"max-video-preview:-1"},"canonical":"https:\/\/www.cosmorevas.tk\/es\/privacy-policy\/","og_locale":"es_ES","og_type":"article","og_title":"Pol\u00edtica de privacidad &#8211; cosmorevas.tk: anonimato, seguridad y libertad","og_description":"Una navegaci\u00f3n libre y segura: conexi\u00f3n encriptada, sin recoger datos personales, sin cookies, sin publicidad, sin vender a terceros.","og_url":"https:\/\/www.cosmorevas.tk\/es\/privacy-policy\/","og_site_name":"CosmoRevas: mi visi\u00f3n del mundo","article_modified_time":"2024-12-10T17:16:34+00:00","twitter_card":"summary_large_image","twitter_misc":{"Tiempo de lectura":"4 minutos"},"schema":{"@context":"https:\/\/schema.org","@graph":[{"@type":"WebPage","@id":"https:\/\/www.cosmorevas.tk\/es\/privacy-policy\/","url":"https:\/\/www.cosmorevas.tk\/es\/privacy-policy\/","name":"Pol\u00edtica de privacidad &#8211; cosmorevas.tk: anonimato, seguridad y libertad","isPartOf":{"@id":"https:\/\/www.cosmorevas.tk\/es\/#website"},"datePublished":"2020-04-14T07:53:26+00:00","dateModified":"2024-12-10T17:16:34+00:00","description":"Una navegaci\u00f3n libre y segura: conexi\u00f3n encriptada, sin recoger datos personales, sin cookies, sin publicidad, sin vender a terceros.","breadcrumb":{"@id":"https:\/\/www.cosmorevas.tk\/es\/privacy-policy\/#breadcrumb"},"inLanguage":"es","potentialAction":[{"@type":"ReadAction","target":["https:\/\/www.cosmorevas.tk\/es\/privacy-policy\/"]}]},{"@type":"BreadcrumbList","@id":"https:\/\/www.cosmorevas.tk\/es\/privacy-policy\/#breadcrumb","itemListElement":[{"@type":"ListItem","position":1,"name":"Comienzo","item":"https:\/\/www.cosmorevas.tk\/es\/destinos\/"},{"@type":"ListItem","position":2,"name":"Pol\u00edtica de privacidad"}]},{"@type":"WebSite","@id":"https:\/\/www.cosmorevas.tk\/es\/#website","url":"https:\/\/www.cosmorevas.tk\/es\/","name":"la mia visuale sul mondo","description":"\"La Tierra desde aqu\u00ed es hermosa, sin fronteras\" - \u042e\u0440\u0438\u0439 \u0413\u0430\u0433\u0430\u0440\u0438\u043d","publisher":{"@id":"https:\/\/www.cosmorevas.tk\/es\/#\/schema\/person\/4ff3ba11ae8c9cfc82000c8d421a5e0d"},"potentialAction":[{"@type":"SearchAction","target":{"@type":"EntryPoint","urlTemplate":"https:\/\/www.cosmorevas.tk\/es\/?s={search_term_string}"},"query-input":{"@type":"PropertyValueSpecification","valueRequired":true,"valueName":"search_term_string"}}],"inLanguage":"es"},{"@type":["Person","Organization"],"@id":"https:\/\/www.cosmorevas.tk\/es\/#\/schema\/person\/4ff3ba11ae8c9cfc82000c8d421a5e0d","name":"cosmorevas","image":{"@type":"ImageObject","inLanguage":"es","@id":"https:\/\/www.cosmorevas.tk\/wp-content\/uploads\/2022\/08\/cosmorevas-map-2022.jpg","url":"https:\/\/www.cosmorevas.tk\/wp-content\/uploads\/2022\/08\/cosmorevas-map-2022.jpg","contentUrl":"https:\/\/www.cosmorevas.tk\/wp-content\/uploads\/2022\/08\/cosmorevas-map-2022.jpg","width":997,"height":698,"caption":"cosmorevas"},"logo":{"@id":"https:\/\/www.cosmorevas.tk\/wp-content\/uploads\/2022\/08\/cosmorevas-map-2022.jpg"},"description":"Sono Matteo, Cagliaritano del 1986. Per un isolano aerei e navi sono mezzi comuni come una macchina o un treno. Da quando sono piccolo ho viaggiato con la mia famiglia e poi su e gi\u00f9 per l\u2019italia per sport, amici, lavoro, vita. Nel 2009 ho fatto il mio primo viaggio in compagnia di me stesso. Viaggiare da solo \u00e8 sempre stata una scelta per me, mai un ripiego con rimpianti."}]}},"_links":{"self":[{"href":"https:\/\/www.cosmorevas.tk\/es\/wp-json\/wp\/v2\/pages\/7467","targetHints":{"allow":["GET"]}}],"collection":[{"href":"https:\/\/www.cosmorevas.tk\/es\/wp-json\/wp\/v2\/pages"}],"about":[{"href":"https:\/\/www.cosmorevas.tk\/es\/wp-json\/wp\/v2\/types\/page"}],"author":[{"embeddable":true,"href":"https:\/\/www.cosmorevas.tk\/es\/wp-json\/wp\/v2\/users\/1"}],"replies":[{"embeddable":true,"href":"https:\/\/www.cosmorevas.tk\/es\/wp-json\/wp\/v2\/comments?post=7467"}],"version-history":[{"count":8,"href":"https:\/\/www.cosmorevas.tk\/es\/wp-json\/wp\/v2\/pages\/7467\/revisions"}],"predecessor-version":[{"id":19053,"href":"https:\/\/www.cosmorevas.tk\/es\/wp-json\/wp\/v2\/pages\/7467\/revisions\/19053"}],"wp:attachment":[{"href":"https:\/\/www.cosmorevas.tk\/es\/wp-json\/wp\/v2\/media?parent=7467"}],"curies":[{"name":"wp","href":"https:\/\/api.w.org\/{rel}","templated":true}]}}