{"id":7649,"date":"2020-04-14T13:45:50","date_gmt":"2020-04-14T10:45:50","guid":{"rendered":"https:\/\/cosmorevas.tk\/escribeme\/"},"modified":"2024-09-20T17:56:50","modified_gmt":"2024-09-20T14:56:50","slug":"escribeme","status":"publish","type":"page","link":"https:\/\/www.cosmorevas.tk\/es\/escribeme\/","title":{"rendered":"Escr\u00edbeme"},"content":{"rendered":"<div id='av_section_1'  class='avia-section av-2jbalo-6a67ccd96a228003cfd32c26ebaf2698 main_color avia-section-large avia-no-border-styling  avia-builder-el-0  el_before_av_one_full  avia-builder-el-first  avia-bg-style-scroll container_wrap fullsize'  ><div class='container av-section-cont-open' ><main  role=\"main\" itemprop=\"mainContentOfPage\"  class='template-page content  av-content-full alpha units'><div class='post-entry post-entry-type-page post-entry-7649'><div class='entry-content-wrapper clearfix'>\n\n<style type=\"text\/css\" data-created_by=\"avia_inline_auto\" id=\"style-css-av-5z20z0-419413c490383bbf4730b38a1cfd0ad4\">\n#top .av-special-heading.av-5z20z0-419413c490383bbf4730b38a1cfd0ad4{\npadding-bottom:0;\nfont-size:40px;\n}\nbody .av-special-heading.av-5z20z0-419413c490383bbf4730b38a1cfd0ad4 .av-special-heading-tag .heading-char{\nfont-size:25px;\n}\n#top #wrap_all .av-special-heading.av-5z20z0-419413c490383bbf4730b38a1cfd0ad4 .av-special-heading-tag{\nfont-size:40px;\n}\n.av-special-heading.av-5z20z0-419413c490383bbf4730b38a1cfd0ad4 .av-subheading{\nfont-size:14px;\n}\n\n@media only screen and (min-width: 480px) and (max-width: 767px){ \n#top #wrap_all .av-special-heading.av-5z20z0-419413c490383bbf4730b38a1cfd0ad4 .av-special-heading-tag{\nfont-size:0.8em;\n}\n}\n\n@media only screen and (max-width: 479px){ \n#top #wrap_all .av-special-heading.av-5z20z0-419413c490383bbf4730b38a1cfd0ad4 .av-special-heading-tag{\nfont-size:0.8em;\n}\n}\n<\/style>\n<div  class='av-special-heading av-5z20z0-419413c490383bbf4730b38a1cfd0ad4 av-special-heading-h1 blockquote modern-quote modern-centered  avia-builder-el-1  el_before_av_hr  avia-builder-el-first  av-inherit-size'><h1 class='av-special-heading-tag '  itemprop=\"headline\"  >Vamos, escr\u00edbeme<\/h1><div class=\"special-heading-border\"><div class=\"special-heading-inner-border\"><\/div><\/div><\/div>\n\n<style type=\"text\/css\" data-created_by=\"avia_inline_auto\" id=\"style-css-av-m1o58c-23134f80bd723e90e429b198969206c0\">\n#top .hr.av-m1o58c-23134f80bd723e90e429b198969206c0{\nmargin-top:20px;\nmargin-bottom:30px;\n}\n.hr.av-m1o58c-23134f80bd723e90e429b198969206c0 .hr-inner{\nwidth:20px;\nborder-color:#ffffff;\n}\n<\/style>\n<div  class='hr av-m1o58c-23134f80bd723e90e429b198969206c0 hr-custom  avia-builder-el-2  el_after_av_heading  el_before_av_one_full  hr-center hr-icon-no'><span class='hr-inner inner-border-av-border-fat'><span class=\"hr-inner-style\"><\/span><\/span><\/div>\n\n<style type=\"text\/css\" data-created_by=\"avia_inline_auto\" id=\"style-css-av-kxc0zw-5bab47e6f01edb7ccd54465648a900d3\">\n.flex_column.av-kxc0zw-5bab47e6f01edb7ccd54465648a900d3{\nborder-radius:0px 0px 0px 0px;\npadding:0px 0px 0px 0px;\n}\n<\/style>\n<div  class='flex_column av-kxc0zw-5bab47e6f01edb7ccd54465648a900d3 av_one_full  avia-builder-el-3  el_after_av_hr  avia-builder-el-last  first flex_column_div av-zero-column-padding  '     ><form action=\"https:\/\/www.cosmorevas.tk\/es\/escribeme\/\" method=\"post\" data-fields-with-error=\"Found errors in the following field(s):\" class=\"avia_ajax_form av-form-labels-hidden   avia-builder-el-4  avia-builder-el-no-sibling   \" data-avia-form-id=\"1\" data-avia-redirect='' ><fieldset><p class='  first_form  form_element form_element_half' id='element_avia_1_1'><label for=\"avia_1_1\">Nombre <abbr class=\"required\" title=\"requerido\">*<\/abbr><\/label> <input name=\"avia_1_1\" class=\"text_input is_empty\" type=\"text\" id=\"avia_1_1\" value=\"\"  placeholder='Nombre*'\/><\/p><p class='  form_element form_element_half' id='element_avia_2_1'><label for=\"avia_2_1\">Correo electr\u00f3nico<\/label> <input name=\"avia_2_1\" class=\"text_input \" type=\"text\" id=\"avia_2_1\" value=\"\"  placeholder='Correo electr\u00f3nico'\/><\/p><p class='  first_form  form_element form_fullwidth' id='element_avia_3_1'><label for=\"avia_3_1\">Sitio web \/ Blog<\/label> <input name=\"avia_3_1\" class=\"text_input \" type=\"text\" id=\"avia_3_1\" value=\"\"  placeholder='Sitio web \/ Blog'\/><\/p><p class='  first_form  form_element form_fullwidth' id='element_avia_4_1'><label for=\"avia_4_1\">Raz\u00f3n <abbr class=\"required\" title=\"requerido\">*<\/abbr><\/label><select  name=\"avia_4_1\" class=\"select is_empty\" id=\"avia_4_1\"><option class=\"av-placeholder\" disabled=\"disabled\" selected=\"selected\" value=''>Raz\u00f3n*<\/option><option   value='Organizaci\u00f3n de viajes'>Organizaci\u00f3n de viajes<\/option><option   value='Solicitud de art\u00edculos'>Solicitud de art\u00edculos<\/option><option   value='Compra de productos'>Compra de productos<\/option><option   value='Sugerencias sobre el sitio'>Sugerencias sobre el sitio<\/option><option   value='Colaboraci\u00f3n'>Colaboraci\u00f3n<\/option><option   value='Privacidad'>Privacidad<\/option><option   value='Otros'>Otros<\/option><\/select><\/p><p class='  first_form  form_element form_fullwidth av-last-visible-form-element' id='element_avia_5_1'><label for=\"avia_5_1\" class=\"textare_label hidden textare_label_avia_5_1\">Mensaje <abbr class=\"required\" title=\"requerido\">*<\/abbr><\/label><textarea  placeholder='Mensaje*' name=\"avia_5_1\" class=\"text_area is_empty\" cols=\"40\" rows=\"7\" id=\"avia_5_1\" ><\/textarea><\/p><p class=\"hidden\"><input type=\"text\" name=\"avia_6_1\" class=\"hidden \" id=\"avia_6_1\" value=\"\" \/><\/p><p class=\"form_element \"><input type=\"hidden\" value=\"1\" name=\"avia_generated_form1\" \/><input type=\"submit\" value=\"Env\u00eda\" class=\"button\"  data-sending-label=\"Enviando\"\/><\/p><\/fieldset><\/form><div id=\"ajaxresponse_1\" class=\"ajaxresponse ajaxresponse_1 hidden\"><\/div><\/div>\n<\/div><\/div><\/main><!-- close content main element --><\/div><\/div><div id='after_section_1'  class='main_color av_default_container_wrap container_wrap fullsize'  ><div class='container av-section-cont-open' ><div class='template-page content  av-content-full alpha units'><div class='post-entry post-entry-type-page post-entry-7649'><div class='entry-content-wrapper clearfix'>\n\n<style type=\"text\/css\" data-created_by=\"avia_inline_auto\" id=\"style-css-av-2fvu5o-6741cc32e316f704abe93227e7060934\">\n.flex_column.av-2fvu5o-6741cc32e316f704abe93227e7060934{\nborder-radius:0px 0px 0px 0px;\npadding:0px 0px 0px 0px;\n}\n<\/style>\n<div  class='flex_column av-2fvu5o-6741cc32e316f704abe93227e7060934 av_one_full  avia-builder-el-5  el_after_av_section  avia-builder-el-no-sibling  first flex_column_div av-zero-column-padding  '     ><section  class='av_textblock_section av-le9yj7ya-dabcafff3fe63bdd67c10cbfb8f19699 '   itemscope=\"itemscope\" itemtype=\"https:\/\/schema.org\/CreativeWork\" ><div class='avia_textblock'  itemprop=\"text\" ><p><a href=\"https:\/\/www.cosmorevas.tk\/es\/privacy-policy\/\" target=\"_blank\" rel=\"noopener\">Haga clic aqu\u00ed para leer mi pol\u00edtica de privacidad<\/a><\/p>\n<\/div><\/section><\/div>\n","protected":false},"excerpt":{"rendered":"","protected":false},"author":1,"featured_media":0,"parent":0,"menu_order":0,"comment_status":"closed","ping_status":"closed","template":"","meta":{"footnotes":""},"class_list":["post-7649","page","type-page","status-publish","hentry"],"yoast_head":"<!-- This site is optimized with the Yoast SEO plugin v27.4 - https:\/\/yoast.com\/product\/yoast-seo-wordpress\/ -->\n<title>Escr\u00edbeme! Deja un comentario o escr\u00edbeme un correo electr\u00f3nico<\/title>\n<meta name=\"description\" content=\"Sus ideas, opiniones, consejos, cr\u00edticas y preguntas son realmente importantes. \u00a1\u00c1nimo, colabora conmigo y escr\u00edbeme un correo electr\u00f3nico!\" \/>\n<meta name=\"robots\" content=\"noindex, follow\" \/>\n<meta property=\"og:locale\" content=\"es_ES\" \/>\n<meta property=\"og:type\" content=\"article\" \/>\n<meta property=\"og:title\" content=\"Escr\u00edbeme! Deja un comentario o escr\u00edbeme un correo electr\u00f3nico\" \/>\n<meta property=\"og:description\" content=\"Sus ideas, opiniones, consejos, cr\u00edticas y preguntas son realmente importantes. \u00a1\u00c1nimo, colabora conmigo y escr\u00edbeme un correo electr\u00f3nico!\" \/>\n<meta property=\"og:url\" content=\"https:\/\/www.cosmorevas.tk\/es\/escribeme\/\" \/>\n<meta property=\"og:site_name\" content=\"CosmoRevas: mi visi\u00f3n del mundo\" \/>\n<meta property=\"article:modified_time\" content=\"2024-09-20T14:56:50+00:00\" \/>\n<meta name=\"twitter:card\" content=\"summary_large_image\" \/>\n<meta name=\"twitter:label1\" content=\"Tiempo de lectura\" \/>\n\t<meta name=\"twitter:data1\" content=\"4 minutos\" \/>\n<script type=\"application\/ld+json\" class=\"yoast-schema-graph\">{\"@context\":\"https:\\\/\\\/schema.org\",\"@graph\":[{\"@type\":\"WebPage\",\"@id\":\"https:\\\/\\\/www.cosmorevas.tk\\\/es\\\/escribeme\\\/\",\"url\":\"https:\\\/\\\/www.cosmorevas.tk\\\/es\\\/escribeme\\\/\",\"name\":\"Escr\u00edbeme! Deja un comentario o escr\u00edbeme un correo electr\u00f3nico\",\"isPartOf\":{\"@id\":\"https:\\\/\\\/www.cosmorevas.tk\\\/es\\\/#website\"},\"datePublished\":\"2020-04-14T10:45:50+00:00\",\"dateModified\":\"2024-09-20T14:56:50+00:00\",\"description\":\"Sus ideas, opiniones, consejos, cr\u00edticas y preguntas son realmente importantes. \u00a1\u00c1nimo, colabora conmigo y escr\u00edbeme un correo electr\u00f3nico!\",\"breadcrumb\":{\"@id\":\"https:\\\/\\\/www.cosmorevas.tk\\\/es\\\/escribeme\\\/#breadcrumb\"},\"inLanguage\":\"es\",\"potentialAction\":[{\"@type\":\"ReadAction\",\"target\":[\"https:\\\/\\\/www.cosmorevas.tk\\\/es\\\/escribeme\\\/\"]}]},{\"@type\":\"BreadcrumbList\",\"@id\":\"https:\\\/\\\/www.cosmorevas.tk\\\/es\\\/escribeme\\\/#breadcrumb\",\"itemListElement\":[{\"@type\":\"ListItem\",\"position\":1,\"name\":\"Comienzo\",\"item\":\"https:\\\/\\\/www.cosmorevas.tk\\\/es\\\/destinos\\\/\"},{\"@type\":\"ListItem\",\"position\":2,\"name\":\"Escr\u00edbeme\"}]},{\"@type\":\"WebSite\",\"@id\":\"https:\\\/\\\/www.cosmorevas.tk\\\/es\\\/#website\",\"url\":\"https:\\\/\\\/www.cosmorevas.tk\\\/es\\\/\",\"name\":\"la mia visuale sul mondo\",\"description\":\"\\\"La Tierra desde aqu\u00ed es hermosa, sin fronteras\\\" - \u042e\u0440\u0438\u0439 \u0413\u0430\u0433\u0430\u0440\u0438\u043d\",\"publisher\":{\"@id\":\"https:\\\/\\\/www.cosmorevas.tk\\\/es\\\/#\\\/schema\\\/person\\\/4ff3ba11ae8c9cfc82000c8d421a5e0d\"},\"potentialAction\":[{\"@type\":\"SearchAction\",\"target\":{\"@type\":\"EntryPoint\",\"urlTemplate\":\"https:\\\/\\\/www.cosmorevas.tk\\\/es\\\/?s={search_term_string}\"},\"query-input\":{\"@type\":\"PropertyValueSpecification\",\"valueRequired\":true,\"valueName\":\"search_term_string\"}}],\"inLanguage\":\"es\"},{\"@type\":[\"Person\",\"Organization\"],\"@id\":\"https:\\\/\\\/www.cosmorevas.tk\\\/es\\\/#\\\/schema\\\/person\\\/4ff3ba11ae8c9cfc82000c8d421a5e0d\",\"name\":\"cosmorevas\",\"image\":{\"@type\":\"ImageObject\",\"inLanguage\":\"es\",\"@id\":\"https:\\\/\\\/www.cosmorevas.tk\\\/wp-content\\\/uploads\\\/2022\\\/08\\\/cosmorevas-map-2022.jpg\",\"url\":\"https:\\\/\\\/www.cosmorevas.tk\\\/wp-content\\\/uploads\\\/2022\\\/08\\\/cosmorevas-map-2022.jpg\",\"contentUrl\":\"https:\\\/\\\/www.cosmorevas.tk\\\/wp-content\\\/uploads\\\/2022\\\/08\\\/cosmorevas-map-2022.jpg\",\"width\":997,\"height\":698,\"caption\":\"cosmorevas\"},\"logo\":{\"@id\":\"https:\\\/\\\/www.cosmorevas.tk\\\/wp-content\\\/uploads\\\/2022\\\/08\\\/cosmorevas-map-2022.jpg\"},\"description\":\"Sono Matteo, Cagliaritano del 1986. Per un isolano aerei e navi sono mezzi comuni come una macchina o un treno. Da quando sono piccolo ho viaggiato con la mia famiglia e poi su e gi\u00f9 per l\u2019italia per sport, amici, lavoro, vita. Nel 2009 ho fatto il mio primo viaggio in compagnia di me stesso. Viaggiare da solo \u00e8 sempre stata una scelta per me, mai un ripiego con rimpianti.\"}]}<\/script>\n<!-- \/ Yoast SEO plugin. -->","yoast_head_json":{"title":"Escr\u00edbeme! Deja un comentario o escr\u00edbeme un correo electr\u00f3nico","description":"Sus ideas, opiniones, consejos, cr\u00edticas y preguntas son realmente importantes. \u00a1\u00c1nimo, colabora conmigo y escr\u00edbeme un correo electr\u00f3nico!","robots":{"index":"noindex","follow":"follow"},"og_locale":"es_ES","og_type":"article","og_title":"Escr\u00edbeme! Deja un comentario o escr\u00edbeme un correo electr\u00f3nico","og_description":"Sus ideas, opiniones, consejos, cr\u00edticas y preguntas son realmente importantes. \u00a1\u00c1nimo, colabora conmigo y escr\u00edbeme un correo electr\u00f3nico!","og_url":"https:\/\/www.cosmorevas.tk\/es\/escribeme\/","og_site_name":"CosmoRevas: mi visi\u00f3n del mundo","article_modified_time":"2024-09-20T14:56:50+00:00","twitter_card":"summary_large_image","twitter_misc":{"Tiempo de lectura":"4 minutos"},"schema":{"@context":"https:\/\/schema.org","@graph":[{"@type":"WebPage","@id":"https:\/\/www.cosmorevas.tk\/es\/escribeme\/","url":"https:\/\/www.cosmorevas.tk\/es\/escribeme\/","name":"Escr\u00edbeme! Deja un comentario o escr\u00edbeme un correo electr\u00f3nico","isPartOf":{"@id":"https:\/\/www.cosmorevas.tk\/es\/#website"},"datePublished":"2020-04-14T10:45:50+00:00","dateModified":"2024-09-20T14:56:50+00:00","description":"Sus ideas, opiniones, consejos, cr\u00edticas y preguntas son realmente importantes. \u00a1\u00c1nimo, colabora conmigo y escr\u00edbeme un correo electr\u00f3nico!","breadcrumb":{"@id":"https:\/\/www.cosmorevas.tk\/es\/escribeme\/#breadcrumb"},"inLanguage":"es","potentialAction":[{"@type":"ReadAction","target":["https:\/\/www.cosmorevas.tk\/es\/escribeme\/"]}]},{"@type":"BreadcrumbList","@id":"https:\/\/www.cosmorevas.tk\/es\/escribeme\/#breadcrumb","itemListElement":[{"@type":"ListItem","position":1,"name":"Comienzo","item":"https:\/\/www.cosmorevas.tk\/es\/destinos\/"},{"@type":"ListItem","position":2,"name":"Escr\u00edbeme"}]},{"@type":"WebSite","@id":"https:\/\/www.cosmorevas.tk\/es\/#website","url":"https:\/\/www.cosmorevas.tk\/es\/","name":"la mia visuale sul mondo","description":"\"La Tierra desde aqu\u00ed es hermosa, sin fronteras\" - \u042e\u0440\u0438\u0439 \u0413\u0430\u0433\u0430\u0440\u0438\u043d","publisher":{"@id":"https:\/\/www.cosmorevas.tk\/es\/#\/schema\/person\/4ff3ba11ae8c9cfc82000c8d421a5e0d"},"potentialAction":[{"@type":"SearchAction","target":{"@type":"EntryPoint","urlTemplate":"https:\/\/www.cosmorevas.tk\/es\/?s={search_term_string}"},"query-input":{"@type":"PropertyValueSpecification","valueRequired":true,"valueName":"search_term_string"}}],"inLanguage":"es"},{"@type":["Person","Organization"],"@id":"https:\/\/www.cosmorevas.tk\/es\/#\/schema\/person\/4ff3ba11ae8c9cfc82000c8d421a5e0d","name":"cosmorevas","image":{"@type":"ImageObject","inLanguage":"es","@id":"https:\/\/www.cosmorevas.tk\/wp-content\/uploads\/2022\/08\/cosmorevas-map-2022.jpg","url":"https:\/\/www.cosmorevas.tk\/wp-content\/uploads\/2022\/08\/cosmorevas-map-2022.jpg","contentUrl":"https:\/\/www.cosmorevas.tk\/wp-content\/uploads\/2022\/08\/cosmorevas-map-2022.jpg","width":997,"height":698,"caption":"cosmorevas"},"logo":{"@id":"https:\/\/www.cosmorevas.tk\/wp-content\/uploads\/2022\/08\/cosmorevas-map-2022.jpg"},"description":"Sono Matteo, Cagliaritano del 1986. Per un isolano aerei e navi sono mezzi comuni come una macchina o un treno. Da quando sono piccolo ho viaggiato con la mia famiglia e poi su e gi\u00f9 per l\u2019italia per sport, amici, lavoro, vita. Nel 2009 ho fatto il mio primo viaggio in compagnia di me stesso. Viaggiare da solo \u00e8 sempre stata una scelta per me, mai un ripiego con rimpianti."}]}},"_links":{"self":[{"href":"https:\/\/www.cosmorevas.tk\/es\/wp-json\/wp\/v2\/pages\/7649","targetHints":{"allow":["GET"]}}],"collection":[{"href":"https:\/\/www.cosmorevas.tk\/es\/wp-json\/wp\/v2\/pages"}],"about":[{"href":"https:\/\/www.cosmorevas.tk\/es\/wp-json\/wp\/v2\/types\/page"}],"author":[{"embeddable":true,"href":"https:\/\/www.cosmorevas.tk\/es\/wp-json\/wp\/v2\/users\/1"}],"replies":[{"embeddable":true,"href":"https:\/\/www.cosmorevas.tk\/es\/wp-json\/wp\/v2\/comments?post=7649"}],"version-history":[{"count":24,"href":"https:\/\/www.cosmorevas.tk\/es\/wp-json\/wp\/v2\/pages\/7649\/revisions"}],"predecessor-version":[{"id":19015,"href":"https:\/\/www.cosmorevas.tk\/es\/wp-json\/wp\/v2\/pages\/7649\/revisions\/19015"}],"wp:attachment":[{"href":"https:\/\/www.cosmorevas.tk\/es\/wp-json\/wp\/v2\/media?parent=7649"}],"curies":[{"name":"wp","href":"https:\/\/api.w.org\/{rel}","templated":true}]}}