{"id":7691,"date":"2020-04-14T13:45:41","date_gmt":"2020-04-14T10:45:41","guid":{"rendered":"https:\/\/cosmorevas.tk\/mi-vision-del-mundo\/"},"modified":"2026-04-30T11:51:33","modified_gmt":"2026-04-30T08:51:33","slug":"mi-vision-del-mundo","status":"publish","type":"page","link":"https:\/\/www.cosmorevas.tk\/es\/mi-vision-del-mundo\/","title":{"rendered":"Mi visi\u00f3n del mundo"},"content":{"rendered":"\n<style type=\"text\/css\" data-created_by=\"avia_inline_auto\" id=\"style-css-av-2tzdrd-8fc0761715b9cdd115c3161d2d22ebde\">\n.flex_column.av-2tzdrd-8fc0761715b9cdd115c3161d2d22ebde{\nborder-radius:0px 0px 0px 0px;\npadding:0px 0px 0px 0px;\n}\n<\/style>\n<div  class='flex_column av-2tzdrd-8fc0761715b9cdd115c3161d2d22ebde av_one_full  avia-builder-el-0  el_before_av_section  avia-builder-el-no-sibling  first flex_column_div av-zero-column-padding  '     ><style type=\"text\/css\" data-created_by=\"avia_inline_auto\" id=\"style-css-av-jpphb61r-cd9af3cbab1e3d86499a9516f078288c\">\n.avia-image-container.av-jpphb61r-cd9af3cbab1e3d86499a9516f078288c .avia-image-container-inner{\ntransform:rotate3d( 0, 0, 1, 180deg );\n}\n.avia-image-container.av-jpphb61r-cd9af3cbab1e3d86499a9516f078288c img.avia_image{\nbox-shadow:none;\n}\n.avia-image-container.av-jpphb61r-cd9af3cbab1e3d86499a9516f078288c .av-image-caption-overlay-center{\ncolor:#ffffff;\n}\n<\/style>\n<div  class='avia-image-container av-jpphb61r-cd9af3cbab1e3d86499a9516f078288c av-styling- avia_animated_image av-animated-when-visible-95 av-rotateIn avia-align-center  avia-builder-el-1  avia-builder-el-no-sibling  av-custom-transform'   itemprop=\"image\" itemscope=\"itemscope\" itemtype=\"https:\/\/schema.org\/ImageObject\" ><div class=\"avia-image-container-inner\"><div class=\"avia-image-overlay-wrap\"><img decoding=\"async\" fetchpriority=\"high\" class='wp-image-19368 avia-img-lazy-loading-not-19368 avia_image ' src=\"https:\/\/www.cosmorevas.tk\/wp-content\/uploads\/2025\/10\/mappa-viaggi-sud-cosmorevas-21-09-2025.webp\" alt='mapa viajes sur cosmorevas 21-09-2025' title='mapa viajes sur cosmorevas 21-09-2025'  height=\"563\" width=\"1000\"  itemprop=\"thumbnailUrl\" srcset=\"https:\/\/www.cosmorevas.tk\/wp-content\/uploads\/2025\/10\/mappa-viaggi-sud-cosmorevas-21-09-2025.webp 1000w, https:\/\/www.cosmorevas.tk\/wp-content\/uploads\/2025\/10\/mappa-viaggi-sud-cosmorevas-21-09-2025-300x169.webp 300w, https:\/\/www.cosmorevas.tk\/wp-content\/uploads\/2025\/10\/mappa-viaggi-sud-cosmorevas-21-09-2025-768x432.webp 768w, https:\/\/www.cosmorevas.tk\/wp-content\/uploads\/2025\/10\/mappa-viaggi-sud-cosmorevas-21-09-2025-705x397.webp 705w\" sizes=\"(max-width: 1000px) 100vw, 1000px\" \/><\/div><\/div><\/div><\/div>\n<\/div><\/div><\/div><!-- close content main div --><\/div><\/div><div id='av_section_1'  class='avia-section av-3he59l-88c3a4ac58a229ebc4429b983a74cc69 main_color avia-section-default avia-no-border-styling  avia-builder-el-2  el_after_av_one_full  avia-builder-el-last  avia-bg-style-scroll container_wrap fullsize'  ><div class='container av-section-cont-open' ><div class='template-page content  av-content-full alpha units'><div class='post-entry post-entry-type-page post-entry-7691'><div class='entry-content-wrapper clearfix'>\n\n<style type=\"text\/css\" data-created_by=\"avia_inline_auto\" id=\"style-css-av-2lr66h-cf89d81559e224593600659e0a1166d3\">\n.flex_column.av-2lr66h-cf89d81559e224593600659e0a1166d3{\nborder-radius:0px 0px 0px 0px;\npadding:0px 0px 0px 0px;\n}\n<\/style>\n<div  class='flex_column av-2lr66h-cf89d81559e224593600659e0a1166d3 av_one_full  avia-builder-el-3  avia-builder-el-no-sibling  first flex_column_div av-zero-column-padding  '     ><style type=\"text\/css\" data-created_by=\"avia_inline_auto\" id=\"style-css-av-jpphi1wq-a1d260a0160cc0ec265425065e635a41\">\n#top .av_textblock_section.av-jpphi1wq-a1d260a0160cc0ec265425065e635a41 .avia_textblock{\nfont-size:18px;\n}\n<\/style>\n<section  class='av_textblock_section av-jpphi1wq-a1d260a0160cc0ec265425065e635a41 '   itemscope=\"itemscope\" itemtype=\"https:\/\/schema.org\/CreativeWork\" ><div class='avia_textblock'  itemprop=\"text\" ><h1>MI VISI\u00d3N DEL MUNDO<\/h1>\n<h2>Historia, lugares, Pueblos y culturas desde mi perspectiva<\/h2>\n<p>Siempre he organizado mis viajes por mi cuenta, buscando durante d\u00edas medios de transporte econ\u00f3micos o eligiendo nuevos destinos entre los lugares m\u00e1s conocidos y los rincones m\u00e1s rec\u00f3nditos del planeta.<\/p>\n<p>A veces hablo de sitios y de mis aventuras con mi familia, amigos y conocidos.<br \/>\nY cuando me encuentro con otros viajeros en alg\u00fan lugar del mundo, es s\u00faper normal intercambiar informaci\u00f3n sobre lugares en los que a\u00fan no hemos estado o descubrir si tenemos las mismas opiniones sobre un lugar que ambos hemos visitado.<\/p>\n<p>Cosmorevas.tk nace de cada segundo que pas\u00e9 viajando<\/p>\n<p>Siempre nos hemos acostumbrado a imaginar Europa en el centro del mundo, Am\u00e9rica al oeste, Asia al este, \u00c1frica al sur.<br \/>\n\u00bfPero es realmente as\u00ed? \u00bfEs esta una visi\u00f3n objetiva?<br \/>\n<strong>\u00bfLos mapas que estudiamos representan la realidad?<\/strong><\/p>\n<p>Viajar tambi\u00e9n significa no tener anteojeras, no tener prejuicios, no tener dogmas.<br \/>\nTienes que sumergirte en la realidad que visitas, como invitados, tratando de entender historias, tradiciones y culturas.<br \/>\n<strong>Viajar es mejorar.<\/strong><\/p>\n<p>Tambi\u00e9n el nombre de este sitio, cosmorevas, representa mi forma de viajar:<\/p>\n<h3><strong>cosmos<\/strong><\/h3>\n<p>El 12 de abril de 1970, Cagliari gan\u00f3 su primer campeonato.<br \/>\nNueve a\u00f1os antes, el 12 de abril de 1961, la <a href=\"https:\/\/www.cosmorevas.tk\/es\/destinos\/rusia\/\" target=\"_blank\" rel=\"noopener\">URSS<\/a> conquist\u00f3 el cosmos gracias a <strong>Jurij Alieksievic Gagarin<\/strong>.<br \/>\nEl cosmonauta con padre carpintero y madre campesina, hijo de la Revoluci\u00f3n del Octubre Rojo, abandon\u00f3 el Cosm\u00f3dromo de Baiconur (\u0431\u0430\u0439\u043a\u043e\u043d\u0443\u0440) a las 09.07 hora de Mosc\u00fa con la nave espacial Vastok1 (\u0412\u043e\u0441\u0442\u043e\u043a1), complet\u00f3 una \u00f3rbita completa de la Tierra, y regres\u00f3 en suelo sovi\u00e9tico despu\u00e9s 90 minutos.<br \/>\nUno de mis lugares favoritos en Mosc\u00fa es el Museo de Cosmonautas.<br \/>\nAh\u00ed puedes so\u00f1ar.<\/p>\n<p>Cuando empec\u00e9 a viajar, nunca se me pas\u00f3 por la cabeza que podr\u00eda recorrer tantos kil\u00f3metros por todo el planeta. Ahora creo que alg\u00fan d\u00eda me sentir\u00e9 como Gagarin, mirando la Tierra desde el espacio, sin fronteras ni l\u00edmites. \u00a1Qui\u00e9n lo hubiera pensado!<\/p>\n<h3><strong>revas<\/strong><\/h3>\n<p>A principios de los a\u00f1os 90, Cerde\u00f1a era un centro tecnol\u00f3gico de absoluta competencia y relevancia.<br \/>\nAqu\u00ed naci\u00f3 uno de los primeros proveedores italianos, el primer sitio web italiano, el primer peri\u00f3dico europeo en l\u00ednea.<br \/>\nCuando estaba en el instituto, Tiscali te dejaba conectarte gratis a Internet desde casa con m\u00f3dems USB a 56 kbps.<br \/>\nPues mira, la verdad es que hab\u00eda pocos sitios web, se tardaban un mont\u00f3n en cargar y se centraban b\u00e1sicamente en la cultura.<\/p>\n<p>As\u00ed fue como descubr\u00ed que exist\u00eda un idioma llamado esperanto.<br \/>\nYa a fines del siglo XIX, se sinti\u00f3 la necesidad de un lenguaje com\u00fan que pudiera unir a la humanidad, eliminando algunos malentendidos.<br \/>\nLa idea no era reemplazar todas las lenguas del mundo por el esperanto, sino crear una lengua neutra que no estuviera asociada a ning\u00fan pa\u00eds. Eso para evitar darle demasiada importancia a un solo idioma nacional y que eso creara una forma de subordinaci\u00f3n para quienes ten\u00edan que aprenderlo y una idea de superioridad para quienes ya lo usaban como su propio idioma.<br \/>\nEl esperanto, que significa \u00abel que espera\u00bb, naci\u00f3 como una mezcla de palabras de diferentes idiomas, como rom\u00e1nicas, eslavas, cauc\u00e1sicas, germ\u00e1nicas y no indoeuropeas.<br \/>\nNo hablo esperanto (qui\u00e9n sabe, tal vez un d\u00eda) pero siempre me ha gustado la idea.<br \/>\n<strong>Revas en esperanto significa sue\u00f1o<\/strong>.<br \/>\nCada uno de mis viajes es un sue\u00f1o y he aprendido que viajando puedo hacer realidad mis sue\u00f1os.<br \/>\nViajar en el Cosmos es ahora mi mayor sue\u00f1o.<br \/>\nVeremos cu\u00e1ndo puedo contar este viaje&#8230;<\/p>\n<h3><strong>.tk<\/strong><\/h3>\n<p>Cada viajero buscaba el destino de un viaje girando el globo para luego detenerlo con un dedo.<br \/>\nPor alguna extra\u00f1a raz\u00f3n (tal vez simplemente por estad\u00edsticas, dado que el Planeta Azul est\u00e1 cubierto en aproximadamente un 70% por el agua), el dedo termina en el medio del Oc\u00e9ano Atl\u00e1ntico o <a href=\"https:\/\/www.cosmorevas.tk\/es\/destinos\/oceania\/\" target=\"_blank\" rel=\"noopener\">Oc\u00e9ano Pacifico<\/a>.<br \/>\nSi te fijas bien, es posible \u00abtocar tierra\u00bb en una isla o atol\u00f3n peque\u00f1ito que no se conoc\u00eda.<br \/>\nAs\u00ed es como agregu\u00e9 la <strong>Isla de Tokelau<\/strong> a mi lista de destinos futuros.<br \/>\nAl investigar un poco m\u00e1s sobre ella, r\u00e1pidamente descubrimos que se puede crear un sitio web propio y gratis utilizando el dominio .tk.<\/p>\n<p>Pues mira, es que est\u00e1 claro que hay algunas limitaciones, pero se pueden superar pasando a un dominio de pago, lo que contribuye al PIB del pa\u00eds.<br \/>\nEl lado negativo de esta medalla es que muchos aprovechan el dominio gratuito para enviar spam y por esta raz\u00f3n el dominio .tk est\u00e1 pr\u00e1cticamente oculto por google.<br \/>\nComienzo esta aventura sabiendo que estar\u00e9 fuera de Google y, por lo tanto, pr\u00e1cticamente fuera del mundo.<br \/>\nEn mi b\u00fasquedas personal, ya he elegido permanecer fuera del mundo de google, usando <a href=\"https:\/\/duckduckgo.com\/\" target=\"_blank\" rel=\"noopener\">duckduckgo<\/a>.<br \/>\nEspero que esta m\u00eda elecci\u00f3n sea entendida y recompensada.<\/p>\n<\/div><\/section><\/div>\n","protected":false},"excerpt":{"rendered":"","protected":false},"author":1,"featured_media":0,"parent":0,"menu_order":0,"comment_status":"closed","ping_status":"closed","template":"","meta":{"footnotes":""},"class_list":["post-7691","page","type-page","status-publish","hentry"],"yoast_head":"<!-- This site is optimized with the Yoast SEO plugin v27.5 - https:\/\/yoast.com\/product\/yoast-seo-wordpress\/ -->\n<title>El sue\u00f1o de viajar por el cosmos: el significado de cosmorevas.tk<\/title>\n<meta name=\"description\" content=\"Viajas sin tener anteojeras,prejuicios,dogmas. Sum\u00e9rgete en la realidad que visitas, como invitados, tratando de entender historias, tradiciones y culturas\" \/>\n<meta name=\"robots\" content=\"index, follow, max-snippet:-1, max-image-preview:large, max-video-preview:-1\" \/>\n<link rel=\"canonical\" href=\"https:\/\/www.cosmorevas.tk\/es\/mi-vision-del-mundo\/\" \/>\n<meta property=\"og:locale\" content=\"es_ES\" \/>\n<meta property=\"og:type\" content=\"article\" \/>\n<meta property=\"og:title\" content=\"El sue\u00f1o de viajar por el cosmos: el significado de cosmorevas.tk\" \/>\n<meta property=\"og:description\" content=\"Viajas sin tener anteojeras,prejuicios,dogmas. Sum\u00e9rgete en la realidad que visitas, como invitados, tratando de entender historias, tradiciones y culturas\" \/>\n<meta property=\"og:url\" content=\"https:\/\/www.cosmorevas.tk\/es\/mi-vision-del-mundo\/\" \/>\n<meta property=\"og:site_name\" content=\"CosmoRevas: mi visi\u00f3n del mundo\" \/>\n<meta property=\"article:modified_time\" content=\"2026-04-30T08:51:33+00:00\" \/>\n<meta name=\"twitter:card\" content=\"summary_large_image\" \/>\n<meta name=\"twitter:label1\" content=\"Tiempo de lectura\" \/>\n\t<meta name=\"twitter:data1\" content=\"5 minutos\" \/>\n<script type=\"application\/ld+json\" class=\"yoast-schema-graph\">{\"@context\":\"https:\\\/\\\/schema.org\",\"@graph\":[{\"@type\":\"WebPage\",\"@id\":\"https:\\\/\\\/www.cosmorevas.tk\\\/es\\\/mi-vision-del-mundo\\\/\",\"url\":\"https:\\\/\\\/www.cosmorevas.tk\\\/es\\\/mi-vision-del-mundo\\\/\",\"name\":\"El sue\u00f1o de viajar por el cosmos: el significado de cosmorevas.tk\",\"isPartOf\":{\"@id\":\"https:\\\/\\\/www.cosmorevas.tk\\\/es\\\/#website\"},\"datePublished\":\"2020-04-14T10:45:41+00:00\",\"dateModified\":\"2026-04-30T08:51:33+00:00\",\"description\":\"Viajas sin tener anteojeras,prejuicios,dogmas. Sum\u00e9rgete en la realidad que visitas, como invitados, tratando de entender historias, tradiciones y culturas\",\"breadcrumb\":{\"@id\":\"https:\\\/\\\/www.cosmorevas.tk\\\/es\\\/mi-vision-del-mundo\\\/#breadcrumb\"},\"inLanguage\":\"es\",\"potentialAction\":[{\"@type\":\"ReadAction\",\"target\":[\"https:\\\/\\\/www.cosmorevas.tk\\\/es\\\/mi-vision-del-mundo\\\/\"]}]},{\"@type\":\"BreadcrumbList\",\"@id\":\"https:\\\/\\\/www.cosmorevas.tk\\\/es\\\/mi-vision-del-mundo\\\/#breadcrumb\",\"itemListElement\":[{\"@type\":\"ListItem\",\"position\":1,\"name\":\"Comienzo\",\"item\":\"https:\\\/\\\/www.cosmorevas.tk\\\/es\\\/destinos\\\/\"},{\"@type\":\"ListItem\",\"position\":2,\"name\":\"Mi visi\u00f3n del mundo\"}]},{\"@type\":\"WebSite\",\"@id\":\"https:\\\/\\\/www.cosmorevas.tk\\\/es\\\/#website\",\"url\":\"https:\\\/\\\/www.cosmorevas.tk\\\/es\\\/\",\"name\":\"la mia visuale sul mondo\",\"description\":\"\\\"La Tierra desde aqu\u00ed es hermosa, sin fronteras\\\" - \u042e\u0440\u0438\u0439 \u0413\u0430\u0433\u0430\u0440\u0438\u043d\",\"publisher\":{\"@id\":\"https:\\\/\\\/www.cosmorevas.tk\\\/es\\\/#\\\/schema\\\/person\\\/4ff3ba11ae8c9cfc82000c8d421a5e0d\"},\"potentialAction\":[{\"@type\":\"SearchAction\",\"target\":{\"@type\":\"EntryPoint\",\"urlTemplate\":\"https:\\\/\\\/www.cosmorevas.tk\\\/es\\\/?s={search_term_string}\"},\"query-input\":{\"@type\":\"PropertyValueSpecification\",\"valueRequired\":true,\"valueName\":\"search_term_string\"}}],\"inLanguage\":\"es\"},{\"@type\":[\"Person\",\"Organization\"],\"@id\":\"https:\\\/\\\/www.cosmorevas.tk\\\/es\\\/#\\\/schema\\\/person\\\/4ff3ba11ae8c9cfc82000c8d421a5e0d\",\"name\":\"cosmorevas\",\"image\":{\"@type\":\"ImageObject\",\"inLanguage\":\"es\",\"@id\":\"https:\\\/\\\/www.cosmorevas.tk\\\/wp-content\\\/uploads\\\/2022\\\/08\\\/cosmorevas-map-2022.jpg\",\"url\":\"https:\\\/\\\/www.cosmorevas.tk\\\/wp-content\\\/uploads\\\/2022\\\/08\\\/cosmorevas-map-2022.jpg\",\"contentUrl\":\"https:\\\/\\\/www.cosmorevas.tk\\\/wp-content\\\/uploads\\\/2022\\\/08\\\/cosmorevas-map-2022.jpg\",\"width\":997,\"height\":698,\"caption\":\"cosmorevas\"},\"logo\":{\"@id\":\"https:\\\/\\\/www.cosmorevas.tk\\\/wp-content\\\/uploads\\\/2022\\\/08\\\/cosmorevas-map-2022.jpg\"},\"description\":\"Sono Matteo, Cagliaritano del 1986. Per un isolano aerei e navi sono mezzi comuni come una macchina o un treno. Da quando sono piccolo ho viaggiato con la mia famiglia e poi su e gi\u00f9 per l\u2019italia per sport, amici, lavoro, vita. Nel 2009 ho fatto il mio primo viaggio in compagnia di me stesso. Viaggiare da solo \u00e8 sempre stata una scelta per me, mai un ripiego con rimpianti.\"}]}<\/script>\n<!-- \/ Yoast SEO plugin. -->","yoast_head_json":{"title":"El sue\u00f1o de viajar por el cosmos: el significado de cosmorevas.tk","description":"Viajas sin tener anteojeras,prejuicios,dogmas. Sum\u00e9rgete en la realidad que visitas, como invitados, tratando de entender historias, tradiciones y culturas","robots":{"index":"index","follow":"follow","max-snippet":"max-snippet:-1","max-image-preview":"max-image-preview:large","max-video-preview":"max-video-preview:-1"},"canonical":"https:\/\/www.cosmorevas.tk\/es\/mi-vision-del-mundo\/","og_locale":"es_ES","og_type":"article","og_title":"El sue\u00f1o de viajar por el cosmos: el significado de cosmorevas.tk","og_description":"Viajas sin tener anteojeras,prejuicios,dogmas. Sum\u00e9rgete en la realidad que visitas, como invitados, tratando de entender historias, tradiciones y culturas","og_url":"https:\/\/www.cosmorevas.tk\/es\/mi-vision-del-mundo\/","og_site_name":"CosmoRevas: mi visi\u00f3n del mundo","article_modified_time":"2026-04-30T08:51:33+00:00","twitter_card":"summary_large_image","twitter_misc":{"Tiempo de lectura":"5 minutos"},"schema":{"@context":"https:\/\/schema.org","@graph":[{"@type":"WebPage","@id":"https:\/\/www.cosmorevas.tk\/es\/mi-vision-del-mundo\/","url":"https:\/\/www.cosmorevas.tk\/es\/mi-vision-del-mundo\/","name":"El sue\u00f1o de viajar por el cosmos: el significado de cosmorevas.tk","isPartOf":{"@id":"https:\/\/www.cosmorevas.tk\/es\/#website"},"datePublished":"2020-04-14T10:45:41+00:00","dateModified":"2026-04-30T08:51:33+00:00","description":"Viajas sin tener anteojeras,prejuicios,dogmas. Sum\u00e9rgete en la realidad que visitas, como invitados, tratando de entender historias, tradiciones y culturas","breadcrumb":{"@id":"https:\/\/www.cosmorevas.tk\/es\/mi-vision-del-mundo\/#breadcrumb"},"inLanguage":"es","potentialAction":[{"@type":"ReadAction","target":["https:\/\/www.cosmorevas.tk\/es\/mi-vision-del-mundo\/"]}]},{"@type":"BreadcrumbList","@id":"https:\/\/www.cosmorevas.tk\/es\/mi-vision-del-mundo\/#breadcrumb","itemListElement":[{"@type":"ListItem","position":1,"name":"Comienzo","item":"https:\/\/www.cosmorevas.tk\/es\/destinos\/"},{"@type":"ListItem","position":2,"name":"Mi visi\u00f3n del mundo"}]},{"@type":"WebSite","@id":"https:\/\/www.cosmorevas.tk\/es\/#website","url":"https:\/\/www.cosmorevas.tk\/es\/","name":"la mia visuale sul mondo","description":"\"La Tierra desde aqu\u00ed es hermosa, sin fronteras\" - \u042e\u0440\u0438\u0439 \u0413\u0430\u0433\u0430\u0440\u0438\u043d","publisher":{"@id":"https:\/\/www.cosmorevas.tk\/es\/#\/schema\/person\/4ff3ba11ae8c9cfc82000c8d421a5e0d"},"potentialAction":[{"@type":"SearchAction","target":{"@type":"EntryPoint","urlTemplate":"https:\/\/www.cosmorevas.tk\/es\/?s={search_term_string}"},"query-input":{"@type":"PropertyValueSpecification","valueRequired":true,"valueName":"search_term_string"}}],"inLanguage":"es"},{"@type":["Person","Organization"],"@id":"https:\/\/www.cosmorevas.tk\/es\/#\/schema\/person\/4ff3ba11ae8c9cfc82000c8d421a5e0d","name":"cosmorevas","image":{"@type":"ImageObject","inLanguage":"es","@id":"https:\/\/www.cosmorevas.tk\/wp-content\/uploads\/2022\/08\/cosmorevas-map-2022.jpg","url":"https:\/\/www.cosmorevas.tk\/wp-content\/uploads\/2022\/08\/cosmorevas-map-2022.jpg","contentUrl":"https:\/\/www.cosmorevas.tk\/wp-content\/uploads\/2022\/08\/cosmorevas-map-2022.jpg","width":997,"height":698,"caption":"cosmorevas"},"logo":{"@id":"https:\/\/www.cosmorevas.tk\/wp-content\/uploads\/2022\/08\/cosmorevas-map-2022.jpg"},"description":"Sono Matteo, Cagliaritano del 1986. Per un isolano aerei e navi sono mezzi comuni come una macchina o un treno. Da quando sono piccolo ho viaggiato con la mia famiglia e poi su e gi\u00f9 per l\u2019italia per sport, amici, lavoro, vita. Nel 2009 ho fatto il mio primo viaggio in compagnia di me stesso. Viaggiare da solo \u00e8 sempre stata una scelta per me, mai un ripiego con rimpianti."}]}},"_links":{"self":[{"href":"https:\/\/www.cosmorevas.tk\/es\/wp-json\/wp\/v2\/pages\/7691","targetHints":{"allow":["GET"]}}],"collection":[{"href":"https:\/\/www.cosmorevas.tk\/es\/wp-json\/wp\/v2\/pages"}],"about":[{"href":"https:\/\/www.cosmorevas.tk\/es\/wp-json\/wp\/v2\/types\/page"}],"author":[{"embeddable":true,"href":"https:\/\/www.cosmorevas.tk\/es\/wp-json\/wp\/v2\/users\/1"}],"replies":[{"embeddable":true,"href":"https:\/\/www.cosmorevas.tk\/es\/wp-json\/wp\/v2\/comments?post=7691"}],"version-history":[{"count":41,"href":"https:\/\/www.cosmorevas.tk\/es\/wp-json\/wp\/v2\/pages\/7691\/revisions"}],"predecessor-version":[{"id":20014,"href":"https:\/\/www.cosmorevas.tk\/es\/wp-json\/wp\/v2\/pages\/7691\/revisions\/20014"}],"wp:attachment":[{"href":"https:\/\/www.cosmorevas.tk\/es\/wp-json\/wp\/v2\/media?parent=7691"}],"curies":[{"name":"wp","href":"https:\/\/api.w.org\/{rel}","templated":true}]}}